{"id":20,"date":"2020-03-16T16:00:35","date_gmt":"2020-03-16T16:00:35","guid":{"rendered":"http:\/\/moritz-designs.de\/?page_id=20"},"modified":"2021-02-15T09:54:20","modified_gmt":"2021-02-15T09:54:20","slug":"impressum","status":"publish","type":"page","link":"http:\/\/moritz-designs.de\/?page_id=20","title":{"rendered":"Impressum"},"content":{"rendered":"\t\t<div data-elementor-type=\"wp-page\" data-elementor-id=\"20\" class=\"elementor elementor-20\" data-elementor-settings=\"[]\">\n\t\t\t\t\t\t<div class=\"elementor-inner\">\n\t\t\t\t\t\t\t<div class=\"elementor-section-wrap\">\n\t\t\t\t\t\t\t<section class=\"elementor-section elementor-top-section elementor-element elementor-element-c7a391e elementor-section-full_width elementor-section-height-min-height elementor-section-height-default elementor-section-items-middle\" data-id=\"c7a391e\" data-element_type=\"section\" data-settings=\"{&quot;background_background&quot;:&quot;classic&quot;}\">\n\t\t\t\t\t\t<div class=\"elementor-container elementor-column-gap-default\">\n\t\t\t\t\t\t\t<div class=\"elementor-row\">\n\t\t\t\t\t<div class=\"elementor-column elementor-col-100 elementor-top-column elementor-element elementor-element-77ea5f8\" data-id=\"77ea5f8\" data-element_type=\"column\">\n\t\t\t<div class=\"elementor-column-wrap\">\n\t\t\t\t\t\t\t<div class=\"elementor-widget-wrap\">\n\t\t\t\t\t\t\t\t<\/div>\n\t\t\t\t\t<\/div>\n\t\t<\/div>\n\t\t\t\t\t\t\t\t<\/div>\n\t\t\t\t\t<\/div>\n\t\t<\/section>\n\t\t\t\t<section class=\"elementor-section elementor-top-section elementor-element elementor-element-9062a47 elementor-section-full_width elementor-section-height-default elementor-section-height-default\" data-id=\"9062a47\" data-element_type=\"section\">\n\t\t\t\t\t\t<div class=\"elementor-container elementor-column-gap-default\">\n\t\t\t\t\t\t\t<div class=\"elementor-row\">\n\t\t\t\t\t<div class=\"elementor-column elementor-col-100 elementor-top-column elementor-element elementor-element-b2eca58\" data-id=\"b2eca58\" data-element_type=\"column\">\n\t\t\t<div class=\"elementor-column-wrap elementor-element-populated\">\n\t\t\t\t\t\t\t<div class=\"elementor-widget-wrap\">\n\t\t\t\t\t\t<div class=\"elementor-element elementor-element-7b0d62b elementor-widget elementor-widget-heading\" data-id=\"7b0d62b\" data-element_type=\"widget\" data-widget_type=\"heading.default\">\n\t\t\t\t<div class=\"elementor-widget-container\">\n\t\t\t<h2 class=\"elementor-heading-title elementor-size-default\">Impressum<\/h2>\t\t<\/div>\n\t\t\t\t<\/div>\n\t\t\t\t<div class=\"elementor-element elementor-element-702b417 elementor-widget elementor-widget-text-editor\" data-id=\"702b417\" data-element_type=\"widget\" data-widget_type=\"text-editor.default\">\n\t\t\t\t<div class=\"elementor-widget-container\">\n\t\t\t\t\t\t\t\t<div class=\"elementor-text-editor elementor-clearfix\">\n\t\t\t\t<p>Angaben gem\u00e4\u00df \u00a7 5 TMG:<\/p><p>Moritz Freese<br \/>Aich 48b<br \/>85667 Oberpframmern<br \/>Telefon: +49 (0)1511 90 19 120<br \/>E-Mail:<span class=\"Apple-converted-space\">\u00a0\u00a0<\/span>moritz@moritz-designs.de<\/p><p>Umsatzsteuer:<\/p><p class=\"p2\"><span class=\"s1\"><span class=\"Apple-converted-space\">\u00a0<\/span><\/span>Als Kleinunternehmer im Sinne von \u00a7 19 Abs. 1 UStG wird Umsatzsteuer nicht berechnet.<span class=\"Apple-converted-space\">\u00a0<\/span><\/p><p>Berufsbezeichnung:<span class=\"Apple-converted-space\">\u00a0<\/span><\/p><p>Kommunikationsdesigner<\/p><p>Verantwortlich f\u00fcr den Inhalt nach \u00a7 55 Abs. 2 RStV:<\/p><p>Moritz Freese<\/p><p>Bildnachweise:<span class=\"Apple-converted-space\">\u00a0<\/span><\/p><p><span class=\"Apple-converted-space\">\u00a0Seite &#8222;About&#8220; &#8211; Bild Hero Section: Eigentum moritz-designs.<\/span><\/p><p><span class=\"Apple-converted-space\">Seite &#8222;About&#8220; &#8211; Bilder Gallery Section: Eigentum moritz-designs<\/span><\/p><p><span class=\"Apple-converted-space\">Seite &#8222;Work&#8220; &#8211; Bild Hero Section: Eigentum moritz-designs<\/span><\/p><p><span class=\"Apple-converted-space\">Seite &#8222;Work&#8220; &#8211; Bilder Portfolio Sections: Eigentum moritz-designs \/\/ sowie folgende Unterseiten mit allen Bildern: Honey; Br\u00fchl; Kochbuch; Novum; Milchersatz; Picknweight; Kartenspiel; Secret; CD.<\/span><\/p><p><span class=\"Apple-converted-space\">Seite &#8222;Service&#8220; &#8211; Bild Hero Section: Eigentum moritz-designs<\/span><\/p><p><span class=\"Apple-converted-space\">Seite &#8222;Contact&#8220; &#8211; Bild Hero Section: Eigentum moritz-designs<\/span><\/p><p>Streitschlichtung<\/p><p>Die Europ\u00e4ische Kommission stellt eine Plattform zur Online-Streitbeilegung (OS) bereit:\u00a0<a href=\"https:\/\/ec.europa.eu\/consumers\/odr\">https:\/\/ec.europa.eu\/consumers\/odr<\/a>.<br \/>Unsere E-Mail-Adresse finden Sie oben im Impressum.<\/p><p>Wir sind nicht bereit oder verpflichtet, an Streitbeilegungsverfahren vor einer Verbraucherschlichtungsstelle teilzunehmen.<\/p><p>Haftung f\u00fcr Inhalte<\/p><p>Als Diensteanbieter sind wir gem\u00e4\u00df \u00a7 7 Abs.1 TMG f\u00fcr eigene Inhalte auf diesen Seiten nach den allgemeinen Gesetzen verantwortlich. Nach \u00a7\u00a7 8 bis 10 TMG sind wir als Diensteanbieter jedoch nicht verpflichtet, \u00fcbermittelte oder gespeicherte fremde Informationen zu \u00fcberwachen oder nach Umst\u00e4nden zu forschen, die auf eine rechtswidrige T\u00e4tigkeit hinweisen.<\/p><p>Verpflichtungen zur Entfernung oder Sperrung der Nutzung von Informationen nach den allgemeinen Gesetzen bleiben hiervon unber\u00fchrt. Eine diesbez\u00fcgliche Haftung ist jedoch erst ab dem Zeitpunkt der Kenntnis einer konkreten Rechtsverletzung m\u00f6glich. Bei Bekanntwerden von entsprechenden Rechtsverletzungen werden wir diese Inhalte umgehend entfernen.<\/p><p>Haftung f\u00fcr Links<\/p><p>Unser Angebot enth\u00e4lt Links zu externen Websites Dritter, auf deren Inhalte wir keinen Einfluss haben. Deshalb k\u00f6nnen wir f\u00fcr diese fremden Inhalte auch keine Gew\u00e4hr \u00fcbernehmen. F\u00fcr die Inhalte der verlinkten Seiten ist stets der jeweilige Anbieter oder Betreiber der Seiten verantwortlich. Die verlinkten Seiten wurden zum Zeitpunkt der Verlinkung auf m\u00f6gliche Rechtsverst\u00f6\u00dfe \u00fcberpr\u00fcft. Rechtswidrige Inhalte waren zum Zeitpunkt der Verlinkung nicht erkennbar.<\/p><p>Eine permanente inhaltliche Kontrolle der verlinkten Seiten ist jedoch ohne konkrete Anhaltspunkte einer Rechtsverletzung nicht zumutbar. Bei Bekanntwerden von Rechtsverletzungen werden wir derartige Links umgehend entfernen.<\/p><p>Urheberrecht<\/p><p>Die durch die Seitenbetreiber erstellten Inhalte und Werke auf diesen Seiten unterliegen dem deutschen Urheberrecht. Die Vervielf\u00e4ltigung, Bearbeitung, Verbreitung und jede Art der Verwertung au\u00dferhalb der Grenzen des Urheberrechtes bed\u00fcrfen der schriftlichen Zustimmung des jeweiligen Autors bzw. Erstellers. Downloads und Kopien dieser Seite sind nur f\u00fcr den privaten, nicht kommerziellen Gebrauch gestattet.<\/p><p>Soweit die Inhalte auf dieser Seite nicht vom Betreiber erstellt wurden, werden die Urheberrechte Dritter beachtet. Insbesondere werden Inhalte Dritter als solche gekennzeichnet. Sollten Sie trotzdem auf eine Urheberrechtsverletzung aufmerksam werden, bitten wir um einen entsprechenden Hinweis. Bei Bekanntwerden von Rechtsverletzungen werden wir derartige Inhalte umgehend entfernen.<\/p>\t\t\t\t\t<\/div>\n\t\t\t\t\t\t<\/div>\n\t\t\t\t<\/div>\n\t\t\t\t\t\t<\/div>\n\t\t\t\t\t<\/div>\n\t\t<\/div>\n\t\t\t\t\t\t\t\t<\/div>\n\t\t\t\t\t<\/div>\n\t\t<\/section>\n\t\t\t\t\t\t<\/div>\n\t\t\t\t\t\t<\/div>\n\t\t\t\t\t<\/div>\n\t\t","protected":false},"excerpt":{"rendered":"<p>Impressum Angaben gem\u00e4\u00df \u00a7 5 TMG: Moritz FreeseAich 48b85667 OberpframmernTelefon: +49 (0)1511 90 19 120E-Mail:\u00a0\u00a0moritz@moritz-designs.de Umsatzsteuer: \u00a0Als Kleinunternehmer im Sinne von \u00a7 19 Abs. 1 UStG wird Umsatzsteuer nicht berechnet.\u00a0 Berufsbezeichnung:\u00a0 Kommunikationsdesigner Verantwortlich f\u00fcr den Inhalt nach \u00a7 55 Abs. 2 RStV: Moritz Freese Bildnachweise:\u00a0 \u00a0Seite &#8222;About&#8220; &#8211; Bild Hero Section: Eigentum moritz-designs. Seite &#8222;About&#8220; [&hellip;]<\/p>\n","protected":false},"author":1,"featured_media":0,"parent":0,"menu_order":0,"comment_status":"closed","ping_status":"closed","template":"elementor_header_footer","meta":[],"_links":{"self":[{"href":"http:\/\/moritz-designs.de\/index.php?rest_route=\/wp\/v2\/pages\/20"}],"collection":[{"href":"http:\/\/moritz-designs.de\/index.php?rest_route=\/wp\/v2\/pages"}],"about":[{"href":"http:\/\/moritz-designs.de\/index.php?rest_route=\/wp\/v2\/types\/page"}],"author":[{"embeddable":true,"href":"http:\/\/moritz-designs.de\/index.php?rest_route=\/wp\/v2\/users\/1"}],"replies":[{"embeddable":true,"href":"http:\/\/moritz-designs.de\/index.php?rest_route=%2Fwp%2Fv2%2Fcomments&post=20"}],"version-history":[{"count":4,"href":"http:\/\/moritz-designs.de\/index.php?rest_route=\/wp\/v2\/pages\/20\/revisions"}],"predecessor-version":[{"id":1082,"href":"http:\/\/moritz-designs.de\/index.php?rest_route=\/wp\/v2\/pages\/20\/revisions\/1082"}],"wp:attachment":[{"href":"http:\/\/moritz-designs.de\/index.php?rest_route=%2Fwp%2Fv2%2Fmedia&parent=20"}],"curies":[{"name":"wp","href":"https:\/\/api.w.org\/{rel}","templated":true}]}}